{"id":71,"date":"2023-11-23T04:24:50","date_gmt":"2023-11-23T04:24:50","guid":{"rendered":"https:\/\/camposindustrial.cl\/about\/"},"modified":"2024-02-09T14:17:04","modified_gmt":"2024-02-09T14:17:04","slug":"nosotros","status":"publish","type":"page","link":"https:\/\/camposindustrial.cl\/?page_id=71","title":{"rendered":"Nuestra Empresa"},"content":{"rendered":"\t\t<div data-elementor-type=\"wp-page\" data-elementor-id=\"71\" class=\"elementor elementor-71\" data-elementor-post-type=\"page\">\n\t\t\t\t<div class=\"elementor-element elementor-element-23bfdf8d e-con-full e-flex e-con e-parent\" data-id=\"23bfdf8d\" data-element_type=\"container\" data-e-type=\"container\" id=\"nuestraempresa\">\n\t\t<div class=\"elementor-element elementor-element-b3febfc e-con-full e-flex e-con e-child\" data-id=\"b3febfc\" data-element_type=\"container\" data-e-type=\"container\">\n\t\t\t\t<div class=\"elementor-element elementor-element-1420eb3 elementor-widget elementor-widget-text-editor\" data-id=\"1420eb3\" data-element_type=\"widget\" data-e-type=\"widget\" data-widget_type=\"text-editor.default\">\n\t\t\t\t<div class=\"elementor-widget-container\">\n\t\t\t\t\t\t\t\t\t\u00abMAESTRANZA CAMPOS\u00bb. Somos una empresa que est\u00e1 dirigida a la entrega de servicios en estructuras y equipos industriales para el desarrollo de proyectos industriales, ingenier\u00eda y construcci\u00f3n.\t\t\t\t\t\t\t\t<\/div>\n\t\t\t\t<\/div>\n\t\t\t\t<div class=\"elementor-element elementor-element-35d27f6 elementor-align-left elementor-widget-mobile__width-inherit elementor-invisible elementor-widget elementor-widget-button\" data-id=\"35d27f6\" data-element_type=\"widget\" data-e-type=\"widget\" data-settings=\"{&quot;_animation&quot;:&quot;fadeInDown&quot;}\" data-widget_type=\"button.default\">\n\t\t\t\t<div class=\"elementor-widget-container\">\n\t\t\t\t\t\t\t\t\t<div class=\"elementor-button-wrapper\">\n\t\t\t\t\t<a class=\"elementor-button elementor-button-link elementor-size-sm\" href=\"#presenta\">\n\t\t\t\t\t\t<span class=\"elementor-button-content-wrapper\">\n\t\t\t\t\t\t\t\t\t<span class=\"elementor-button-text\">Presentaci\u00f3n<\/span>\n\t\t\t\t\t<\/span>\n\t\t\t\t\t<\/a>\n\t\t\t\t<\/div>\n\t\t\t\t\t\t\t\t<\/div>\n\t\t\t\t<\/div>\n\t\t\t\t<\/div>\n\t\t<div class=\"elementor-element elementor-element-79635b6b e-con-full e-flex e-con e-child\" data-id=\"79635b6b\" data-element_type=\"container\" data-e-type=\"container\" data-settings=\"{&quot;background_background&quot;:&quot;classic&quot;}\">\n\t\t\t\t<\/div>\n\t\t\t\t<\/div>\n\t\t<div class=\"elementor-element elementor-element-76bf9fd1 e-con-full e-flex e-con e-parent\" data-id=\"76bf9fd1\" data-element_type=\"container\" data-e-type=\"container\" id=\"presenta\">\n\t\t<div class=\"elementor-element elementor-element-4a70b25 e-con-full e-flex e-con e-child\" data-id=\"4a70b25\" data-element_type=\"container\" data-e-type=\"container\" data-settings=\"{&quot;background_background&quot;:&quot;classic&quot;}\">\n\t\t\t\t<\/div>\n\t\t<div class=\"elementor-element elementor-element-4c6e1e33 e-con-full e-flex e-con e-child\" data-id=\"4c6e1e33\" data-element_type=\"container\" data-e-type=\"container\">\n\t\t\t\t<div class=\"elementor-element elementor-element-3c48b2cf elementor-widget elementor-widget-heading\" data-id=\"3c48b2cf\" data-element_type=\"widget\" data-e-type=\"widget\" data-widget_type=\"heading.default\">\n\t\t\t\t<div class=\"elementor-widget-container\">\n\t\t\t\t\t<h2 class=\"elementor-heading-title elementor-size-default\">Presentaci\u00f3n<\/h2>\t\t\t\t<\/div>\n\t\t\t\t<\/div>\n\t\t\t\t<div class=\"elementor-element elementor-element-756b36a3 elementor-widget elementor-widget-text-editor\" data-id=\"756b36a3\" data-element_type=\"widget\" data-e-type=\"widget\" data-widget_type=\"text-editor.default\">\n\t\t\t\t<div class=\"elementor-widget-container\">\n\t\t\t\t\t\t\t\t\t<p>Somos una empresa s\u00f3lida que se mantiene inalterable ante los distintos factores econ\u00f3micos y sociales, garantizando en todo momento su total calidad de servicio, basado en la eficiencia y experticia de trabajo en equipo permiti\u00e9ndonos destacar dentro del \u00e1rea, gracias a la formaci\u00f3n de toda una infraestructura operativa, preparada y entrenada para satisfacer exitosamente las necesidades y requerimientos del mercado Industrial Metal\u00fargico.<\/p>\t\t\t\t\t\t\t\t<\/div>\n\t\t\t\t<\/div>\n\t\t\t\t<\/div>\n\t\t\t\t<\/div>\n\t\t<div class=\"elementor-element elementor-element-3c88487 e-flex e-con-boxed e-con e-parent\" data-id=\"3c88487\" data-element_type=\"container\" data-e-type=\"container\">\n\t\t\t\t\t<div class=\"e-con-inner\">\n\t\t<div class=\"elementor-element elementor-element-dcbe711 e-con-full e-flex e-con e-child\" data-id=\"dcbe711\" data-element_type=\"container\" data-e-type=\"container\" data-settings=\"{&quot;background_background&quot;:&quot;classic&quot;}\">\n\t\t\t\t<div class=\"elementor-element elementor-element-e40e2d2 elementor-widget elementor-widget-heading\" data-id=\"e40e2d2\" data-element_type=\"widget\" data-e-type=\"widget\" data-widget_type=\"heading.default\">\n\t\t\t\t<div class=\"elementor-widget-container\">\n\t\t\t\t\t<h4 class=\"elementor-heading-title elementor-size-default\">Nuestra Misi\u00f3n como Empresa<\/h4>\t\t\t\t<\/div>\n\t\t\t\t<\/div>\n\t\t\t\t<div class=\"elementor-element elementor-element-5df499c elementor-widget elementor-widget-text-editor\" data-id=\"5df499c\" data-element_type=\"widget\" data-e-type=\"widget\" data-widget_type=\"text-editor.default\">\n\t\t\t\t<div class=\"elementor-widget-container\">\n\t\t\t\t\t\t\t\t\tEs satisfacer las necesidades y requerimientos de nuestros clientes, garantiz\u00e1ndoles eficacia, calidad y tiempos de respuesta en la ejecuci\u00f3n de los distintos proyectos, por medio de la fabricaci\u00f3n y montaje de estructuras met\u00e1licas bajo una programaci\u00f3n controlada e infraestructura operativa.\n<\/p>\nUna de las ventajas es la destacable experiencia de sus profesionales en proyectos, ya sean: Agroindustriales, Celulosas, Qu\u00edmica, Alimentos, Bebidas, entre otros, para clientes del sector privado y p\u00fablico.\n\t\t\t\t\t\t\t\t<\/div>\n\t\t\t\t<\/div>\n\t\t\t\t<\/div>\n\t\t<div class=\"elementor-element elementor-element-6e64acb e-con-full e-flex e-con e-child\" data-id=\"6e64acb\" data-element_type=\"container\" data-e-type=\"container\" data-settings=\"{&quot;background_background&quot;:&quot;classic&quot;}\">\n\t\t\t\t<\/div>\n\t\t\t\t\t<\/div>\n\t\t\t\t<\/div>\n\t\t<div class=\"elementor-element elementor-element-d6259fe e-flex e-con-boxed e-con e-parent\" data-id=\"d6259fe\" data-element_type=\"container\" data-e-type=\"container\">\n\t\t\t\t\t<div class=\"e-con-inner\">\n\t\t<div class=\"elementor-element elementor-element-edd3b85 e-con-full e-flex e-con e-child\" data-id=\"edd3b85\" data-element_type=\"container\" data-e-type=\"container\" data-settings=\"{&quot;background_background&quot;:&quot;classic&quot;}\">\n\t\t\t\t<div class=\"elementor-element elementor-element-d6f885d elementor-widget elementor-widget-heading\" data-id=\"d6f885d\" data-element_type=\"widget\" data-e-type=\"widget\" data-widget_type=\"heading.default\">\n\t\t\t\t<div class=\"elementor-widget-container\">\n\t\t\t\t\t<h4 class=\"elementor-heading-title elementor-size-default\">Nuestra Visi\u00f3n como empresa<\/h4>\t\t\t\t<\/div>\n\t\t\t\t<\/div>\n\t\t\t\t<div class=\"elementor-element elementor-element-b1b6671 elementor-widget elementor-widget-text-editor\" data-id=\"b1b6671\" data-element_type=\"widget\" data-e-type=\"widget\" data-widget_type=\"text-editor.default\">\n\t\t\t\t<div class=\"elementor-widget-container\">\n\t\t\t\t\t\t\t\t\tSer una Empresa reconocida por cumplir con los plazos y especificaciones acordados, generando un trabajo en equipo dentro de Campos Industrial S.A. y con el Cliente, evitando perjuicios a las partes interesadas; basados en la experiencia de personal y en la eficaz implementaci\u00f3n de su sistema de gesti\u00f3n integrados, preservando el medio ambiente y protegiendo la seguridad f\u00edsica y mental de nuestros colaboradores.\t\t\t\t\t\t\t\t<\/div>\n\t\t\t\t<\/div>\n\t\t\t\t<\/div>\n\t\t<div class=\"elementor-element elementor-element-7ecf743 e-con-full e-flex e-con e-child\" data-id=\"7ecf743\" data-element_type=\"container\" data-e-type=\"container\" data-settings=\"{&quot;background_background&quot;:&quot;classic&quot;}\">\n\t\t\t\t<\/div>\n\t\t\t\t\t<\/div>\n\t\t\t\t<\/div>\n\t\t<div class=\"elementor-element elementor-element-5ef20ad e-flex e-con-boxed e-con e-parent\" data-id=\"5ef20ad\" data-element_type=\"container\" data-e-type=\"container\">\n\t\t\t\t\t<div class=\"e-con-inner\">\n\t\t<div class=\"elementor-element elementor-element-f53a31c e-con-full e-flex e-con e-child\" data-id=\"f53a31c\" data-element_type=\"container\" data-e-type=\"container\" data-settings=\"{&quot;background_background&quot;:&quot;classic&quot;}\">\n\t\t\t\t<div class=\"elementor-element elementor-element-f3f50eb elementor-widget elementor-widget-heading\" data-id=\"f3f50eb\" data-element_type=\"widget\" data-e-type=\"widget\" data-widget_type=\"heading.default\">\n\t\t\t\t<div class=\"elementor-widget-container\">\n\t\t\t\t\t<h4 class=\"elementor-heading-title elementor-size-default\">Valores de nuestra empresa<\/h4>\t\t\t\t<\/div>\n\t\t\t\t<\/div>\n\t\t\t\t<div class=\"elementor-element elementor-element-ee14dfd elementor-widget elementor-widget-text-editor\" data-id=\"ee14dfd\" data-element_type=\"widget\" data-e-type=\"widget\" data-widget_type=\"text-editor.default\">\n\t\t\t\t<div class=\"elementor-widget-container\">\n\t\t\t\t\t\t\t\t\tSeguridad\n<\/p>\nTrabajamos de manera responsable en el desarrollo de nuestra actividad productiva, cuidando la salud y seguridad, cumpliendo los procedimientos y controles operacionales preestablecidos.\n<\/p>\nProactividad\n<\/p>\nSer proactivos y perseverantes en la consecuci\u00f3n de las metas establecidas, buscando que nuestro rendimiento se traduzca en aumento de productividad y resultados efectivos.\n<\/p>\nCalidad\n<\/p>\nDisponemos de la capacidad para el planteamiento, desarrollo de proyectos, fabricaci\u00f3n de estructuras y montajes contratados, creando valor agregado para nuestros clientes.\n<\/p>\nRespeto\n<\/p>\nActuamos bajo principios y creencias claras dentro de un marco moral y \u00e9tico, que busca un espacio de armon\u00eda y respeto que favorezca el di\u00e1logo y la participaci\u00f3n.\n<\/p>\nProfesionalismo\n<\/p>\nDesarrollamos las actividades con criterios de excelencia, para brindar una oportuna atenci\u00f3n y satisfacci\u00f3n de nuestros clientes.\n\t\t\t\t\t\t\t\t<\/div>\n\t\t\t\t<\/div>\n\t\t\t\t<\/div>\n\t\t<div class=\"elementor-element elementor-element-a617ad7 e-con-full e-flex e-con e-child\" data-id=\"a617ad7\" data-element_type=\"container\" data-e-type=\"container\" data-settings=\"{&quot;background_background&quot;:&quot;classic&quot;}\">\n\t\t\t\t<\/div>\n\t\t\t\t\t<\/div>\n\t\t\t\t<\/div>\n\t\t\t\t<\/div>\n\t\t","protected":false},"excerpt":{"rendered":"<p>\u00abMAESTRANZA CAMPOS\u00bb. Somos una empresa que est\u00e1 dirigida a la entrega de servicios en estructuras y equipos industriales para el desarrollo de proyectos industriales, ingenier\u00eda y construcci\u00f3n. Presentaci\u00f3n Presentaci\u00f3n Somos una empresa s\u00f3lida que se mantiene inalterable ante los distintos factores econ\u00f3micos y sociales, garantizando en todo momento su total calidad de servicio, basado en [&hellip;]<\/p>\n","protected":false},"author":1,"featured_media":0,"parent":0,"menu_order":0,"comment_status":"closed","ping_status":"closed","template":"elementor_header_footer","meta":{"footnotes":""},"class_list":["post-71","page","type-page","status-publish","hentry"],"_links":{"self":[{"href":"https:\/\/camposindustrial.cl\/index.php?rest_route=\/wp\/v2\/pages\/71","targetHints":{"allow":["GET"]}}],"collection":[{"href":"https:\/\/camposindustrial.cl\/index.php?rest_route=\/wp\/v2\/pages"}],"about":[{"href":"https:\/\/camposindustrial.cl\/index.php?rest_route=\/wp\/v2\/types\/page"}],"author":[{"embeddable":true,"href":"https:\/\/camposindustrial.cl\/index.php?rest_route=\/wp\/v2\/users\/1"}],"replies":[{"embeddable":true,"href":"https:\/\/camposindustrial.cl\/index.php?rest_route=%2Fwp%2Fv2%2Fcomments&post=71"}],"version-history":[{"count":77,"href":"https:\/\/camposindustrial.cl\/index.php?rest_route=\/wp\/v2\/pages\/71\/revisions"}],"predecessor-version":[{"id":641,"href":"https:\/\/camposindustrial.cl\/index.php?rest_route=\/wp\/v2\/pages\/71\/revisions\/641"}],"wp:attachment":[{"href":"https:\/\/camposindustrial.cl\/index.php?rest_route=%2Fwp%2Fv2%2Fmedia&parent=71"}],"curies":[{"name":"wp","href":"https:\/\/api.w.org\/{rel}","templated":true}]}}